{"id":10,"date":"2022-11-29T11:57:40","date_gmt":"2022-11-29T11:57:40","guid":{"rendered":"https:\/\/cv.come-henry.fr\/?page_id=10"},"modified":"2025-02-02T23:11:02","modified_gmt":"2025-02-02T22:11:02","slug":"about-me","status":"publish","type":"page","link":"https:\/\/cv.come-henry.fr\/fr\/about-me\/","title":{"rendered":"A Propos de moi"},"content":{"rendered":"<div data-elementor-type=\"wp-page\" data-elementor-id=\"10\" class=\"elementor elementor-10\" data-elementor-post-type=\"page\">\n\t\t\t\t\t\t<section class=\"has_ma_el_bg_slider elementor-section elementor-top-section elementor-element elementor-element-1180804 elementor-section-boxed elementor-section-height-default elementor-section-height-default exad-parallax-effect-no exad-background-color-change-no exad-glass-effect-no jltma-glass-effect-no exad-sticky-section-no\" data-exad-particle-enable=\"false\" data-id=\"1180804\" data-element_type=\"section\" data-settings=\"{&quot;jet_parallax_layout_list&quot;:[]}\">\n\t\t\t\t\t\t<div class=\"elementor-container elementor-column-gap-default\">\n\t\t\t\t\t<div class=\"has_ma_el_bg_slider elementor-column elementor-col-100 elementor-top-column elementor-element elementor-element-a570d99 exad-glass-effect-no jltma-glass-effect-no exad-sticky-section-no\" data-id=\"a570d99\" data-element_type=\"column\">\n\t\t\t<div class=\"elementor-widget-wrap elementor-element-populated\">\n\t\t\t\t\t\t<div class=\"elementor-element elementor-element-68f955e exad-sticky-section-no exad-glass-effect-no jltma-glass-effect-no elementor-widget elementor-widget-kerge-home-page-second\" data-id=\"68f955e\" data-element_type=\"widget\" data-widget_type=\"kerge-home-page-second.default\">\n\t\t\t\t<div class=\"elementor-widget-container\">\n\t\t\t\r\n        <div class=\"section-inner start-page-full-width\">\r\n            <div class=\"start-page-full-width\">\r\n                <div class=\"row\">\r\n                                        <div class=\"col-sm-12 col-md-6 col-lg-6\">\r\n                        <div class=\"inner-content\">\r\n                            <div class=\"fill-block\" style=\"background-image: url(https:\/\/cv.come-henry.fr\/wp-content\/uploads\/2025\/02\/serveurs.avif)\"><\/div>\r\n                        <\/div>\r\n                    <\/div>\r\n                                                            <div class=\"col-sm-12 col-md-6 col-lg-6\">\r\n                                            <div class=\"inner-content\">\r\n                            <div class=\"hp-text-block\">\r\n                            \t\r\n                            \t                                <div class=\"owl-carousel text-rotation\">                                    \r\n                                                                            <div class=\"item\">\r\n                                            <div class=\"sp-subtitle\">Ing\u00e9nieur S\u00e9nior en Communications Unifi\u00e9es<\/div>\r\n                                        <\/div>\r\n                                                                            <div class=\"item\">\r\n                                            <div class=\"sp-subtitle\">Administrateur Syst\u00e8mes &amp; R\u00e9seaux<\/div>\r\n                                        <\/div>\r\n                                                                    <\/div>\r\n                                \r\n                                                                <h2 class=\"hp-main-title\">C\u00f4me Henry<\/h2>\r\n                                \r\n                                <p align=\"justify\">Je suis C\u00f4me HENRY, actuellement Ing\u00e9nieur en Communications Unifi\u00e9es, avec 4 ans d'exp\u00e9rience. J'ai aussi plus de 6 ans d'exp\u00e9rience en Administration Syst\u00e8mes &amp; R\u00e9seau \n<p align=\"justify\">Un passionn\u00e9 d'informatique et de nouvelles technologies. J'aime apprendre les choses de par moi-m\u00eame, afin de mieux comprendre comment elles fonctionnent et d'am\u00e9liorer continuellement mes comp\u00e9tences et mes connaissances en Syst\u00e8mes, R\u00e9seaux et Infrastructures.<\/p>\n<p>J'aime aussi voyager (\u00e0 la recherche de beaux paysages), Ecouter et rechercher de nouveaux groupes de Rock &amp; m\u00e9tal, Physique, Exp\u00e9riences Chimiques, Astrophysique, cosmologie et faits paranormaux.<\/p>\r\n\r\n                                                                                                            <div class=\"hp-buttons\">\r\n                                        \t\t\t\t\t\t                        <a href=\"https:\/\/cv.come-henry.fr\/wp-content\/uploads\/2024\/06\/CV_2024-06-08_Come_HENRY.pdf\" target=\"yes\" class=\"btn btn-primary\">Mon CV<\/a>\r\n\t\t\t\t\t                    \t\t\t\t\t\t\t                        <a href=\"https:\/\/cv.come-henry.fr\/fr\/#contact\" target=\"\" class=\"btn btn-secondary\">Me contacter<\/a>\r\n\t\t\t\t\t                    \t                                        <\/div>\r\n                                                                                                    <\/div>\r\n                        <\/div>\r\n                    <\/div>\r\n                <\/div>\r\n            <\/div>\r\n        <\/div>\r\n\r\n        \t\t<\/div>\n\t\t\t\t<\/div>\n\t\t\t\t\t<\/div>\n\t\t<\/div>\n\t\t\t\t\t<\/div>\n\t\t<\/section>\n\t\t\t\t<section class=\"has_ma_el_bg_slider elementor-section elementor-top-section elementor-element elementor-element-7b1c296 elementor-section-boxed elementor-section-height-default elementor-section-height-default exad-parallax-effect-no exad-background-color-change-no exad-glass-effect-no jltma-glass-effect-no exad-sticky-section-no\" data-exad-particle-enable=\"false\" data-id=\"7b1c296\" data-element_type=\"section\" data-settings=\"{&quot;jet_parallax_layout_list&quot;:[]}\">\n\t\t\t\t\t\t<div class=\"elementor-container elementor-column-gap-default\">\n\t\t\t\t\t<div class=\"has_ma_el_bg_slider elementor-column elementor-col-100 elementor-top-column elementor-element elementor-element-3b183f3 exad-glass-effect-no jltma-glass-effect-no exad-sticky-section-no\" data-id=\"3b183f3\" data-element_type=\"column\">\n\t\t\t<div class=\"elementor-widget-wrap elementor-element-populated\">\n\t\t\t\t\t\t<div class=\"elementor-element elementor-element-552708c exad-sticky-section-no exad-glass-effect-no jltma-glass-effect-no elementor-widget elementor-widget-spacer\" data-id=\"552708c\" data-element_type=\"widget\" data-widget_type=\"spacer.default\">\n\t\t\t\t<div class=\"elementor-widget-container\">\n\t\t\t\t\t<div class=\"elementor-spacer\">\n\t\t\t<div class=\"elementor-spacer-inner\"><\/div>\n\t\t<\/div>\n\t\t\t\t<\/div>\n\t\t\t\t<\/div>\n\t\t\t\t<div class=\"elementor-element elementor-element-56ec162 exad-sticky-section-no exad-glass-effect-no jltma-glass-effect-no elementor-widget elementor-widget-kerge-block-title\" data-id=\"56ec162\" data-element_type=\"widget\" data-widget_type=\"kerge-block-title.default\">\n\t\t\t\t<div class=\"elementor-widget-container\">\n\t\t\t<div class=\"block-title\"><h3>Ce que je fais<\/h3><\/div>\t\t<\/div>\n\t\t\t\t<\/div>\n\t\t\t\t\t<\/div>\n\t\t<\/div>\n\t\t\t\t\t<\/div>\n\t\t<\/section>\n\t\t\t\t<section class=\"has_ma_el_bg_slider elementor-section elementor-top-section elementor-element elementor-element-77c26e9 elementor-section-boxed elementor-section-height-default elementor-section-height-default exad-parallax-effect-no exad-background-color-change-no exad-glass-effect-no jltma-glass-effect-no exad-sticky-section-no\" data-exad-particle-enable=\"false\" data-id=\"77c26e9\" data-element_type=\"section\" data-settings=\"{&quot;jet_parallax_layout_list&quot;:[]}\">\n\t\t\t\t\t\t<div class=\"elementor-container elementor-column-gap-default\">\n\t\t\t\t\t<div class=\"has_ma_el_bg_slider elementor-column elementor-col-50 elementor-top-column elementor-element elementor-element-b4227bc exad-glass-effect-no jltma-glass-effect-no exad-sticky-section-no\" data-id=\"b4227bc\" data-element_type=\"column\">\n\t\t\t<div class=\"elementor-widget-wrap elementor-element-populated\">\n\t\t\t\t\t\t<div class=\"elementor-element elementor-element-95509c6 exad-sticky-section-no exad-glass-effect-no jltma-glass-effect-no elementor-widget elementor-widget-kerge-service\" data-id=\"95509c6\" data-element_type=\"widget\" data-widget_type=\"kerge-service.default\">\n\t\t\t\t<div class=\"elementor-widget-container\">\n\t\t\t\t\t<div class=\"info-list-w-icon\">\r\n\t\t\t<div class=\"info-block-w-icon\">\r\n\t\t\t\t<div class=\"ci-icon\">\r\n\t\t\t\t\t<i aria-hidden=\"true\" class=\"lnr lnr-phone-handset\"><\/i>\t\t\t\t<\/div>\r\n\t\t\t\t<div class=\"ci-text\">\r\n\t\t\t\t\t<h4>Microsoft Teams<\/h4>\r\n\t\t\t\t\t<p><p> - Migration de syst\u00e8mes t\u00e9l\u00e9phonique\n<p> - Administration Microsoft Teams \n<p> - Scripts pour Microsoft Teams<\/p>\r\n\t\t\t\t<\/div>\r\n\t\t\t<\/div>\r\n\t\t<\/div>\r\n\t\t\t\t<\/div>\n\t\t\t\t<\/div>\n\t\t\t\t<div class=\"elementor-element elementor-element-58f35aa exad-sticky-section-no exad-glass-effect-no jltma-glass-effect-no elementor-widget elementor-widget-kerge-service\" data-id=\"58f35aa\" data-element_type=\"widget\" data-widget_type=\"kerge-service.default\">\n\t\t\t\t<div class=\"elementor-widget-container\">\n\t\t\t\t\t<div class=\"info-list-w-icon\">\r\n\t\t\t<div class=\"info-block-w-icon\">\r\n\t\t\t\t<div class=\"ci-icon\">\r\n\t\t\t\t\t<i aria-hidden=\"true\" class=\"pe-7s pe-7s-headphones\"><\/i>\t\t\t\t<\/div>\r\n\t\t\t\t<div class=\"ci-text\">\r\n\t\t\t\t\t<h4>D\u00e9pannage \/ Support Utilisateurs<\/h4>\r\n\t\t\t\t\t<p><p> - D\u00e9pannage Mat\u00e9riel \/ Logiciel \n<\/p>\r\n\t\t\t\t<\/div>\r\n\t\t\t<\/div>\r\n\t\t<\/div>\r\n\t\t\t\t<\/div>\n\t\t\t\t<\/div>\n\t\t\t\t\t<\/div>\n\t\t<\/div>\n\t\t\t\t<div class=\"has_ma_el_bg_slider elementor-column elementor-col-50 elementor-top-column elementor-element elementor-element-b75a484 exad-glass-effect-no jltma-glass-effect-no exad-sticky-section-no\" data-id=\"b75a484\" data-element_type=\"column\">\n\t\t\t<div class=\"elementor-widget-wrap elementor-element-populated\">\n\t\t\t\t\t\t<div class=\"elementor-element elementor-element-d64f528 exad-sticky-section-no exad-glass-effect-no jltma-glass-effect-no elementor-widget elementor-widget-kerge-service\" data-id=\"d64f528\" data-element_type=\"widget\" data-widget_type=\"kerge-service.default\">\n\t\t\t\t<div class=\"elementor-widget-container\">\n\t\t\t\t\t<div class=\"info-list-w-icon\">\r\n\t\t\t<div class=\"info-block-w-icon\">\r\n\t\t\t\t<div class=\"ci-icon\">\r\n\t\t\t\t\t<i aria-hidden=\"true\" class=\"lnr lnr-cog\"><\/i>\t\t\t\t<\/div>\r\n\t\t\t\t<div class=\"ci-text\">\r\n\t\t\t\t\t<h4>Automatisations<\/h4>\r\n\t\t\t\t\t<p><p> - Automatisations Syst\u00e8mes\n<p> - Automatisations Administration Teams\n<\/p>\r\n\t\t\t\t<\/div>\r\n\t\t\t<\/div>\r\n\t\t<\/div>\r\n\t\t\t\t<\/div>\n\t\t\t\t<\/div>\n\t\t\t\t<div class=\"elementor-element elementor-element-2a65959 exad-sticky-section-no exad-glass-effect-no jltma-glass-effect-no elementor-widget elementor-widget-kerge-service\" data-id=\"2a65959\" data-element_type=\"widget\" data-widget_type=\"kerge-service.default\">\n\t\t\t\t<div class=\"elementor-widget-container\">\n\t\t\t\t\t<div class=\"info-list-w-icon\">\r\n\t\t\t<div class=\"info-block-w-icon\">\r\n\t\t\t\t<div class=\"ci-icon\">\r\n\t\t\t\t\t<i aria-hidden=\"true\" class=\"lnr lnr-flag\"><\/i>\t\t\t\t<\/div>\r\n\t\t\t\t<div class=\"ci-text\">\r\n\t\t\t\t\t<h4>Syst\u00e8mes \/ Serveurs<\/h4>\r\n\t\t\t\t\t<p><p> - Administration\n<p> - Migration\n<\/p>\r\n\t\t\t\t<\/div>\r\n\t\t\t<\/div>\r\n\t\t<\/div>\r\n\t\t\t\t<\/div>\n\t\t\t\t<\/div>\n\t\t\t\t\t<\/div>\n\t\t<\/div>\n\t\t\t\t\t<\/div>\n\t\t<\/section>\n\t\t\t\t<section class=\"has_ma_el_bg_slider elementor-section elementor-top-section elementor-element elementor-element-3a1f2de elementor-section-boxed elementor-section-height-default elementor-section-height-default exad-parallax-effect-no exad-background-color-change-no exad-glass-effect-no jltma-glass-effect-no exad-sticky-section-no\" data-exad-particle-enable=\"false\" data-id=\"3a1f2de\" data-element_type=\"section\" data-settings=\"{&quot;jet_parallax_layout_list&quot;:[]}\">\n\t\t\t\t\t\t<div class=\"elementor-container elementor-column-gap-default\">\n\t\t\t\t\t<div class=\"has_ma_el_bg_slider elementor-column elementor-col-100 elementor-top-column elementor-element elementor-element-c75b23b exad-glass-effect-no jltma-glass-effect-no exad-sticky-section-no\" data-id=\"c75b23b\" data-element_type=\"column\">\n\t\t\t<div class=\"elementor-widget-wrap elementor-element-populated\">\n\t\t\t\t\t\t<div class=\"elementor-element elementor-element-9ad4c2a exad-sticky-section-no exad-glass-effect-no jltma-glass-effect-no elementor-widget elementor-widget-spacer\" data-id=\"9ad4c2a\" data-element_type=\"widget\" data-widget_type=\"spacer.default\">\n\t\t\t\t<div class=\"elementor-widget-container\">\n\t\t\t\t\t<div class=\"elementor-spacer\">\n\t\t\t<div class=\"elementor-spacer-inner\"><\/div>\n\t\t<\/div>\n\t\t\t\t<\/div>\n\t\t\t\t<\/div>\n\t\t\t\t\t<\/div>\n\t\t<\/div>\n\t\t\t\t\t<\/div>\n\t\t<\/section>\n\t\t\t\t<\/div>","protected":false},"excerpt":{"rendered":"<p>Senior Unified Communication Engineer System &amp; Network Administrator C\u00f4me Henry I&#8217;m C\u00f4me HENRY, a Unified communication Engineer with 4 Years of experience. I also have 6 years of experience with System &amp; Network Administration. I&#8217;m an IT &amp; New technologies passionate. I love learning things by myself, in order to understood how it works and&#8230;<\/p>\n<p><a class=\"read-more\" href=\"https:\/\/cv.come-henry.fr\/fr\/about-me\/\">Read More<\/a><\/p>","protected":false},"author":1,"featured_media":0,"parent":0,"menu_order":0,"comment_status":"closed","ping_status":"closed","template":"","meta":{"footnotes":""},"class_list":["post-10","page","type-page","status-publish","hentry"],"_links":{"self":[{"href":"https:\/\/cv.come-henry.fr\/fr\/wp-json\/wp\/v2\/pages\/10","targetHints":{"allow":["GET"]}}],"collection":[{"href":"https:\/\/cv.come-henry.fr\/fr\/wp-json\/wp\/v2\/pages"}],"about":[{"href":"https:\/\/cv.come-henry.fr\/fr\/wp-json\/wp\/v2\/types\/page"}],"author":[{"embeddable":true,"href":"https:\/\/cv.come-henry.fr\/fr\/wp-json\/wp\/v2\/users\/1"}],"replies":[{"embeddable":true,"href":"https:\/\/cv.come-henry.fr\/fr\/wp-json\/wp\/v2\/comments?post=10"}],"version-history":[{"count":39,"href":"https:\/\/cv.come-henry.fr\/fr\/wp-json\/wp\/v2\/pages\/10\/revisions"}],"predecessor-version":[{"id":755,"href":"https:\/\/cv.come-henry.fr\/fr\/wp-json\/wp\/v2\/pages\/10\/revisions\/755"}],"wp:attachment":[{"href":"https:\/\/cv.come-henry.fr\/fr\/wp-json\/wp\/v2\/media?parent=10"}],"curies":[{"name":"wp","href":"https:\/\/api.w.org\/{rel}","templated":true}]}}