{"id":59,"date":"2022-11-29T12:28:19","date_gmt":"2022-11-29T12:28:19","guid":{"rendered":"https:\/\/cv.come-henry.fr\/?page_id=59"},"modified":"2024-04-23T08:27:33","modified_gmt":"2024-04-23T06:27:33","slug":"resume","status":"publish","type":"page","link":"https:\/\/cv.come-henry.fr\/fr\/resume\/","title":{"rendered":"Parcours"},"content":{"rendered":"<div data-elementor-type=\"wp-page\" data-elementor-id=\"59\" class=\"elementor elementor-59\" data-elementor-post-type=\"page\">\n\t\t\t\t\t\t<section class=\"has_ma_el_bg_slider elementor-section elementor-top-section elementor-element elementor-element-bfa65f5 elementor-section-boxed elementor-section-height-default elementor-section-height-default exad-parallax-effect-no exad-background-color-change-no exad-glass-effect-no jltma-glass-effect-no exad-sticky-section-no\" data-exad-particle-enable=\"false\" data-id=\"bfa65f5\" data-element_type=\"section\" data-settings=\"{&quot;jet_parallax_layout_list&quot;:[]}\">\n\t\t\t\t\t\t<div class=\"elementor-container elementor-column-gap-default\">\n\t\t\t\t\t<div class=\"has_ma_el_bg_slider elementor-column elementor-col-66 elementor-top-column elementor-element elementor-element-e232701 exad-glass-effect-no jltma-glass-effect-no exad-sticky-section-no\" data-id=\"e232701\" data-element_type=\"column\">\n\t\t\t<div class=\"elementor-widget-wrap elementor-element-populated\">\n\t\t\t\t\t\t<div class=\"elementor-element elementor-element-dc6a5ec exad-sticky-section-no exad-glass-effect-no jltma-glass-effect-no elementor-widget elementor-widget-kerge-timeline\" data-id=\"dc6a5ec\" data-element_type=\"widget\" data-widget_type=\"kerge-timeline.default\">\n\t\t\t\t<div class=\"elementor-widget-container\">\n\t\t\t<div class=\"timeline timeline-second-style clearfix\"><div class=\"block-title element-title\"><h3>Experience<\/h3><\/div><div id=\"timeline-69f4f0c34b028\" class=\"timeline-item clearfix\" data-color=\"#0099e5\">\r\n\t\t\t\t\t\t\t\t<div class=\"left-part\">\r\n\t\t\t\t\t\t\t\t\t<h5 class=\"item-period\">OCT 2022 - MAINTENANT<\/h5>\r\n\t\t\t\t\t\t\t\t\t<span class=\"item-company\">Wabtec<\/span>\r\n\t\t\t\t\t\t\t\t\t<span class=\"item-logo\"><img decoding=\"async\" src=\"https:\/\/cv.come-henry.fr\/wp-content\/uploads\/2024\/04\/wabteclogo.png\" alt=\"Wabtec\" \/><\/span>\r\n\t\t\t\t\t\t\t\t<\/div>\r\n\t\t\t\t\t\t\t\t<div class=\"divider\"><\/div>\r\n\t\t\t\t\t\t\t\t<div class=\"right-part\">\r\n\t\t\t\t\t\t\t\t\t<h4 class=\"item-title\">Ing\u00e9nieur S\u00e9nior en Communications Unifi\u00e9es<\/h4>\r\n\t\t\t\t\t\t\t\t\t<div class=\"text\"><ul><li>Migration de syst\u00e8mes t\u00e9l\u00e9phoniques \u00e0 Teams<\/li><li>Automatisation &amp; Scripts Powershell pour Teams<\/li><li>Cr\u00e9ation de Scriptes &amp; Outils pour mon \u00e9quipe<\/li><li>R\u00f4le de support pour les Analystes en communication Unifi\u00e9es<\/li><\/ul><\/div>\r\n\t\t\t\t\t\t\t\t<\/div>\r\n\t\t\t\t\t\t\t<\/div><div id=\"timeline-69f4f0c34b030\" class=\"timeline-item clearfix\" data-color=\"#0099e5\">\r\n\t\t\t\t\t\t\t\t<div class=\"left-part\">\r\n\t\t\t\t\t\t\t\t\t<h5 class=\"item-period\">JUIN 2021 - MAI 2023<\/h5>\r\n\t\t\t\t\t\t\t\t\t<span class=\"item-company\"><\/span>\r\n\t\t\t\t\t\t\t\t\t<span class=\"item-logo\"><img decoding=\"async\" src=\"https:\/\/cv.come-henry.fr\/wp-content\/uploads\/2024\/04\/wabteclogo.png\" alt=\"\" \/><\/span>\r\n\t\t\t\t\t\t\t\t<\/div>\r\n\t\t\t\t\t\t\t\t<div class=\"divider\"><\/div>\r\n\t\t\t\t\t\t\t\t<div class=\"right-part\">\r\n\t\t\t\t\t\t\t\t\t<h4 class=\"item-title\">Ing\u00e9nieur S\u00e9nior en Communication Unifi\u00e9es &amp; Ing\u00e9nieur Identit\u00e9<\/h4>\r\n\t\t\t\t\t\t\t\t\t<div class=\"text\"><ul><li>Administration &amp; D\u00e9pannage des profiles AD<\/li><li>Cr\u00e9ation de scriptes pour l'AD &amp; Sailpoint<\/li><li>Nettoyage AD<\/li><li>Configuration d'application pour OKTA<\/li><li>Administration des profiles OKTA<\/li><\/ul><\/div>\r\n\t\t\t\t\t\t\t\t<\/div>\r\n\t\t\t\t\t\t\t<\/div><div id=\"timeline-69f4f0c34b032\" class=\"timeline-item clearfix\" data-color=\"#0099e5\">\r\n\t\t\t\t\t\t\t\t<div class=\"left-part\">\r\n\t\t\t\t\t\t\t\t\t<h5 class=\"item-period\">APR 2020 - OCT 2022<\/h5>\r\n\t\t\t\t\t\t\t\t\t<span class=\"item-company\">Wabtec<\/span>\r\n\t\t\t\t\t\t\t\t\t<span class=\"item-logo\"><img decoding=\"async\" src=\"https:\/\/cv.come-henry.fr\/wp-content\/uploads\/2024\/04\/wabteclogo.png\" alt=\"Wabtec\" \/><\/span>\r\n\t\t\t\t\t\t\t\t<\/div>\r\n\t\t\t\t\t\t\t\t<div class=\"divider\"><\/div>\r\n\t\t\t\t\t\t\t\t<div class=\"right-part\">\r\n\t\t\t\t\t\t\t\t\t<h4 class=\"item-title\">Analyste en Communications Unifi\u00e9es<\/h4>\r\n\t\t\t\t\t\t\t\t\t<div class=\"text\"><ul><li>Migration de site de Skype \u00e0 Teams<\/li><li>Cr\u00e9ation de l'outil Teams Admin Tool (M\u00e9daille d'argent de l'entreprise)<\/li><li>Migration de syst\u00e8mes t\u00e9l\u00e9phoniques \u00e0 Teams<\/li><\/ul><\/div>\r\n\t\t\t\t\t\t\t\t<\/div>\r\n\t\t\t\t\t\t\t<\/div><div id=\"timeline-69f4f0c34b034\" class=\"timeline-item clearfix\" data-color=\"#0099e5\">\r\n\t\t\t\t\t\t\t\t<div class=\"left-part\">\r\n\t\t\t\t\t\t\t\t\t<h5 class=\"item-period\">SEP 2013 - MAR 2020<\/h5>\r\n\t\t\t\t\t\t\t\t\t<span class=\"item-company\">Faiveley Transport \/ Wabtec<\/span>\r\n\t\t\t\t\t\t\t\t\t<span class=\"item-logo\"><img decoding=\"async\" src=\"https:\/\/cv.come-henry.fr\/wp-content\/uploads\/2024\/04\/faiveley-transpor.png\" alt=\"Faiveley Transport \/ Wabtec\" \/><\/span>\r\n\t\t\t\t\t\t\t\t<\/div>\r\n\t\t\t\t\t\t\t\t<div class=\"divider\"><\/div>\r\n\t\t\t\t\t\t\t\t<div class=\"right-part\">\r\n\t\t\t\t\t\t\t\t\t<h4 class=\"item-title\">Administrateur Syst\u00e8mes &amp; R\u00e9seaux<\/h4>\r\n\t\t\t\t\t\t\t\t\t<div class=\"text\"><ul><li>D\u00e9ploiement de logiciels &amp; mise \u00e0 jours<\/li><li>D\u00e9ploiement de serveurs : Serveur d'impression \/ Zabbix \/ Fog \/ Esxi + Vsan<\/li><li>D\u00e9ploiement du nouveau serveur de fichiers : Backup Exec + DFS<\/li><li>Support Utilisateur<\/li><li>Migrations IP  : Berlin \/ Casablanca<\/li><li>D\u00e9ploiement des nouveaux switch Cisco 2960S<\/li><\/ul><\/div>\r\n\t\t\t\t\t\t\t\t<\/div>\r\n\t\t\t\t\t\t\t<\/div><\/div>\t\t<\/div>\n\t\t\t\t<\/div>\n\t\t\t\t<div class=\"elementor-element elementor-element-0147861 exad-sticky-section-no exad-glass-effect-no jltma-glass-effect-no elementor-widget elementor-widget-kerge-timeline\" data-id=\"0147861\" data-element_type=\"widget\" data-widget_type=\"kerge-timeline.default\">\n\t\t\t\t<div class=\"elementor-widget-container\">\n\t\t\t<div class=\"timeline timeline-second-style clearfix\"><div class=\"block-title element-title\"><h3>Education<\/h3><\/div><div id=\"timeline-69f4f0c34b639\" class=\"timeline-item clearfix\" data-color=\"#0099e5\">\r\n\t\t\t\t\t\t\t\t<div class=\"left-part\">\r\n\t\t\t\t\t\t\t\t\t<h5 class=\"item-period\">FEV 2013 - SEP 2015<\/h5>\r\n\t\t\t\t\t\t\t\t\t<span class=\"item-company\">UPJV Amiens<\/span>\r\n\t\t\t\t\t\t\t\t\t\r\n\t\t\t\t\t\t\t\t<\/div>\r\n\t\t\t\t\t\t\t\t<div class=\"divider\"><\/div>\r\n\t\t\t\t\t\t\t\t<div class=\"right-part\">\r\n\t\t\t\t\t\t\t\t\t<h4 class=\"item-title\">Master Ing\u00e9nierie des Syst\u00e8mes et R\u00e9seaux Informatiques<\/h4>\r\n\t\t\t\t\t\t\t\t\t<div class=\"text\"><div class=\"event\"><p>Master en Apprentissage - Mention Bien - AMIENS<\/p><\/div><\/div>\r\n\t\t\t\t\t\t\t\t<\/div>\r\n\t\t\t\t\t\t\t<\/div><div id=\"timeline-69f4f0c34b63d\" class=\"timeline-item clearfix\" data-color=\"#0099e5\">\r\n\t\t\t\t\t\t\t\t<div class=\"left-part\">\r\n\t\t\t\t\t\t\t\t\t<h5 class=\"item-period\">SEP 2012 - JUIN 2013<\/h5>\r\n\t\t\t\t\t\t\t\t\t<span class=\"item-company\">IUT Amiens<\/span>\r\n\t\t\t\t\t\t\t\t\t\r\n\t\t\t\t\t\t\t\t<\/div>\r\n\t\t\t\t\t\t\t\t<div class=\"divider\"><\/div>\r\n\t\t\t\t\t\t\t\t<div class=\"right-part\">\r\n\t\t\t\t\t\t\t\t\t<h4 class=\"item-title\">Licence Pro R\u00e9seau &amp; G\u00e9nie Informatique<\/h4>\r\n\t\t\t\t\t\t\t\t\t<div class=\"text\"><div class=\"event\"><p>Mention Bien - AMIENS<\/p><\/div><\/div>\r\n\t\t\t\t\t\t\t\t<\/div>\r\n\t\t\t\t\t\t\t<\/div><div id=\"timeline-69f4f0c34b63e\" class=\"timeline-item clearfix\" data-color=\"#0099e5\">\r\n\t\t\t\t\t\t\t\t<div class=\"left-part\">\r\n\t\t\t\t\t\t\t\t\t<h5 class=\"item-period\">SEP 2010 - JUIN 2012<\/h5>\r\n\t\t\t\t\t\t\t\t\t<span class=\"item-company\">Lyc\u00e9e Priv\u00e9 Saint R\u00e9my<\/span>\r\n\t\t\t\t\t\t\t\t\t\r\n\t\t\t\t\t\t\t\t<\/div>\r\n\t\t\t\t\t\t\t\t<div class=\"divider\"><\/div>\r\n\t\t\t\t\t\t\t\t<div class=\"right-part\">\r\n\t\t\t\t\t\t\t\t\t<h4 class=\"item-title\">BTS Informatique de Gestion option Administrateur de r\u00e9seaux locaux\nd'entreprise<\/h4>\r\n\t\t\t\t\t\t\t\t\t<div class=\"text\"><div class=\"event\"><p>Mention Bien - AMIENS<\/p><\/div><\/div>\r\n\t\t\t\t\t\t\t\t<\/div>\r\n\t\t\t\t\t\t\t<\/div><div id=\"timeline-69f4f0c34b63f\" class=\"timeline-item clearfix\" data-color=\"#0099e5\">\r\n\t\t\t\t\t\t\t\t<div class=\"left-part\">\r\n\t\t\t\t\t\t\t\t\t<h5 class=\"item-period\">SEP 2008 - JUIN 2010<\/h5>\r\n\t\t\t\t\t\t\t\t\t<span class=\"item-company\">Lyc\u00e9e Priv\u00e9 Saint Hildvert<\/span>\r\n\t\t\t\t\t\t\t\t\t\r\n\t\t\t\t\t\t\t\t<\/div>\r\n\t\t\t\t\t\t\t\t<div class=\"divider\"><\/div>\r\n\t\t\t\t\t\t\t\t<div class=\"right-part\">\r\n\t\t\t\t\t\t\t\t\t<h4 class=\"item-title\">Bac Professionnel Comptabilit\u00e9<\/h4>\r\n\t\t\t\t\t\t\t\t\t<div class=\"text\"><div class=\"event\"><p>Mention Bien - GOURNAY EN BRAY<\/p><\/div><\/div>\r\n\t\t\t\t\t\t\t\t<\/div>\r\n\t\t\t\t\t\t\t<\/div><\/div>\t\t<\/div>\n\t\t\t\t<\/div>\n\t\t\t\t\t<\/div>\n\t\t<\/div>\n\t\t\t\t<div class=\"has_ma_el_bg_slider elementor-column elementor-col-33 elementor-top-column elementor-element elementor-element-8418e32 exad-glass-effect-no jltma-glass-effect-no exad-sticky-section-no\" data-id=\"8418e32\" data-element_type=\"column\">\n\t\t\t<div class=\"elementor-widget-wrap elementor-element-populated\">\n\t\t\t\t\t\t<div class=\"elementor-element elementor-element-04b9d0c exad-sticky-section-no exad-glass-effect-no jltma-glass-effect-no elementor-widget elementor-widget-kerge-skills-second-style\" data-id=\"04b9d0c\" data-element_type=\"widget\" data-widget_type=\"kerge-skills-second-style.default\">\n\t\t\t\t<div class=\"elementor-widget-container\">\n\t\t\t\r\n\t\t\t\t\t<div class=\"block-title element-title\">\r\n\t\t\t\t<h3>Comp\u00e9tences Syst\u00e8me \/ R\u00e9seau<\/h3>\r\n\t\t\t<\/div>\r\n\t\t\r\n\t\t<div id=\"skills-69f4f0c34c350\" class=\"skills-info skills-second-style\">\r\n\t\t\t\t\t<div class=\"clearfix\">\r\n\t\t\t\t<h4>Administration Microsoft Teams<\/h4>\r\n\t\t\t\t<div class=\"skill-value\">80%<\/div>\r\n\t\t\t<\/div>\r\n\t\t\t<div id=\"skill-skills69f4f0c34c35c\" class=\"skill-container elementor-repeater-item-99691ca\">\r\n\t\t\t\t<div class=\"skill-percentage\"><\/div>\r\n\t\t\t<\/div>\r\n\t\t\t\t\t<div class=\"clearfix\">\r\n\t\t\t\t<h4>Syst\u00e8mes Windows \/ Serveurs<\/h4>\r\n\t\t\t\t<div class=\"skill-value\">95%<\/div>\r\n\t\t\t<\/div>\r\n\t\t\t<div id=\"skill-skills69f4f0c34c35f\" class=\"skill-container elementor-repeater-item-045d9c7\">\r\n\t\t\t\t<div class=\"skill-percentage\"><\/div>\r\n\t\t\t<\/div>\r\n\t\t\t\t\t<div class=\"clearfix\">\r\n\t\t\t\t<h4>Linux<\/h4>\r\n\t\t\t\t<div class=\"skill-value\">75%<\/div>\r\n\t\t\t<\/div>\r\n\t\t\t<div id=\"skill-skills69f4f0c34c361\" class=\"skill-container elementor-repeater-item-70511ae\">\r\n\t\t\t\t<div class=\"skill-percentage\"><\/div>\r\n\t\t\t<\/div>\r\n\t\t\t\t\t<div class=\"clearfix\">\r\n\t\t\t\t<h4>Proxmox \/ Esxi<\/h4>\r\n\t\t\t\t<div class=\"skill-value\">65%<\/div>\r\n\t\t\t<\/div>\r\n\t\t\t<div id=\"skill-skills69f4f0c34c363\" class=\"skill-container elementor-repeater-item-43f0426\">\r\n\t\t\t\t<div class=\"skill-percentage\"><\/div>\r\n\t\t\t<\/div>\r\n\t\t\t\t\t<div class=\"clearfix\">\r\n\t\t\t\t<h4>R\u00e9seau (Niveau 2)<\/h4>\r\n\t\t\t\t<div class=\"skill-value\">60%<\/div>\r\n\t\t\t<\/div>\r\n\t\t\t<div id=\"skill-skills69f4f0c34c365\" class=\"skill-container elementor-repeater-item-3e9ee65\">\r\n\t\t\t\t<div class=\"skill-percentage\"><\/div>\r\n\t\t\t<\/div>\r\n\t\t\t\t\t<div class=\"clearfix\">\r\n\t\t\t\t<h4>D\u00e9pannage<\/h4>\r\n\t\t\t\t<div class=\"skill-value\">95%<\/div>\r\n\t\t\t<\/div>\r\n\t\t\t<div id=\"skill-skills69f4f0c34c367\" class=\"skill-container elementor-repeater-item-9534b1c\">\r\n\t\t\t\t<div class=\"skill-percentage\"><\/div>\r\n\t\t\t<\/div>\r\n\t\t\t\t<\/div>\r\n\r\n\t\t\t\t<\/div>\n\t\t\t\t<\/div>\n\t\t\t\t<div class=\"elementor-element elementor-element-20d96ea exad-sticky-section-no exad-glass-effect-no jltma-glass-effect-no elementor-widget elementor-widget-kerge-skills-second-style\" data-id=\"20d96ea\" data-element_type=\"widget\" data-widget_type=\"kerge-skills-second-style.default\">\n\t\t\t\t<div class=\"elementor-widget-container\">\n\t\t\t\r\n\t\t\t\t\t<div class=\"block-title element-title\">\r\n\t\t\t\t<h3>Comp\u00e9tences de D\u00e9veloppement<\/h3>\r\n\t\t\t<\/div>\r\n\t\t\r\n\t\t<div id=\"skills-69f4f0c34c834\" class=\"skills-info skills-second-style\">\r\n\t\t\t\t\t<div class=\"clearfix\">\r\n\t\t\t\t<h4>Powershell<\/h4>\r\n\t\t\t\t<div class=\"skill-value\">85%<\/div>\r\n\t\t\t<\/div>\r\n\t\t\t<div id=\"skill-skills69f4f0c34c83a\" class=\"skill-container elementor-repeater-item-28afdd1\">\r\n\t\t\t\t<div class=\"skill-percentage\"><\/div>\r\n\t\t\t<\/div>\r\n\t\t\t\t\t<div class=\"clearfix\">\r\n\t\t\t\t<h4>SQL<\/h4>\r\n\t\t\t\t<div class=\"skill-value\">60%<\/div>\r\n\t\t\t<\/div>\r\n\t\t\t<div id=\"skill-skills69f4f0c34c83c\" class=\"skill-container elementor-repeater-item-09455c0\">\r\n\t\t\t\t<div class=\"skill-percentage\"><\/div>\r\n\t\t\t<\/div>\r\n\t\t\t\t\t<div class=\"clearfix\">\r\n\t\t\t\t<h4>Bash \/ Batch<\/h4>\r\n\t\t\t\t<div class=\"skill-value\">70%<\/div>\r\n\t\t\t<\/div>\r\n\t\t\t<div id=\"skill-skills69f4f0c34c83e\" class=\"skill-container elementor-repeater-item-6ebe014\">\r\n\t\t\t\t<div class=\"skill-percentage\"><\/div>\r\n\t\t\t<\/div>\r\n\t\t\t\t\t<div class=\"clearfix\">\r\n\t\t\t\t<h4>C# \/ Java<\/h4>\r\n\t\t\t\t<div class=\"skill-value\">50%<\/div>\r\n\t\t\t<\/div>\r\n\t\t\t<div id=\"skill-skills69f4f0c34c840\" class=\"skill-container elementor-repeater-item-894dcc5\">\r\n\t\t\t\t<div class=\"skill-percentage\"><\/div>\r\n\t\t\t<\/div>\r\n\t\t\t\t<\/div>\r\n\r\n\t\t\t\t<\/div>\n\t\t\t\t<\/div>\n\t\t\t\t<div class=\"elementor-element elementor-element-a309812 exad-sticky-section-no exad-glass-effect-no jltma-glass-effect-no elementor-widget elementor-widget-kerge-skills-second-style\" data-id=\"a309812\" data-element_type=\"widget\" data-widget_type=\"kerge-skills-second-style.default\">\n\t\t\t\t<div class=\"elementor-widget-container\">\n\t\t\t\r\n\t\t\t\t\t<div class=\"block-title element-title\">\r\n\t\t\t\t<h3>Langues<\/h3>\r\n\t\t\t<\/div>\r\n\t\t\r\n\t\t<div id=\"skills-69f4f0c34ccd2\" class=\"skills-info skills-second-style\">\r\n\t\t\t\t\t<div class=\"clearfix\">\r\n\t\t\t\t<h4>Fran\u00e7ais<\/h4>\r\n\t\t\t\t<div class=\"skill-value\">100%<\/div>\r\n\t\t\t<\/div>\r\n\t\t\t<div id=\"skill-skills69f4f0c34ccd8\" class=\"skill-container elementor-repeater-item-28afdd1\">\r\n\t\t\t\t<div class=\"skill-percentage\"><\/div>\r\n\t\t\t<\/div>\r\n\t\t\t\t\t<div class=\"clearfix\">\r\n\t\t\t\t<h4>Anglais<\/h4>\r\n\t\t\t\t<div class=\"skill-value\">90%<\/div>\r\n\t\t\t<\/div>\r\n\t\t\t<div id=\"skill-skills69f4f0c34ccdb\" class=\"skill-container elementor-repeater-item-51dd36b\">\r\n\t\t\t\t<div class=\"skill-percentage\"><\/div>\r\n\t\t\t<\/div>\r\n\t\t\t\t<\/div>\r\n\r\n\t\t\t\t<\/div>\n\t\t\t\t<\/div>\n\t\t\t\t\t<\/div>\n\t\t<\/div>\n\t\t\t\t\t<\/div>\n\t\t<\/section>\n\t\t\t\t<\/div>","protected":false},"excerpt":{"rendered":"<p>Experience OCT 2022 &#8211; PRESENT Wabtec Senior Unified Communication Engineer Sites phone system migration Teams Powershell Scripting, Automations Tools &amp; Scripts creation for the Teams Escalation role for the UC Analysts JUN 2021 &#8211; MAY 2023 Senior Unified Communication Engineer &#038; Identity Engineer AD Users Management &amp; Troubleshooting AD &amp; Sailpoint Powershell Scripting AD Cleaning&#8230;<\/p>\n<p><a class=\"read-more\" href=\"https:\/\/cv.come-henry.fr\/fr\/resume\/\">Read More<\/a><\/p>","protected":false},"author":1,"featured_media":0,"parent":0,"menu_order":0,"comment_status":"closed","ping_status":"closed","template":"","meta":{"footnotes":""},"class_list":["post-59","page","type-page","status-publish","hentry"],"_links":{"self":[{"href":"https:\/\/cv.come-henry.fr\/fr\/wp-json\/wp\/v2\/pages\/59","targetHints":{"allow":["GET"]}}],"collection":[{"href":"https:\/\/cv.come-henry.fr\/fr\/wp-json\/wp\/v2\/pages"}],"about":[{"href":"https:\/\/cv.come-henry.fr\/fr\/wp-json\/wp\/v2\/types\/page"}],"author":[{"embeddable":true,"href":"https:\/\/cv.come-henry.fr\/fr\/wp-json\/wp\/v2\/users\/1"}],"replies":[{"embeddable":true,"href":"https:\/\/cv.come-henry.fr\/fr\/wp-json\/wp\/v2\/comments?post=59"}],"version-history":[{"count":45,"href":"https:\/\/cv.come-henry.fr\/fr\/wp-json\/wp\/v2\/pages\/59\/revisions"}],"predecessor-version":[{"id":667,"href":"https:\/\/cv.come-henry.fr\/fr\/wp-json\/wp\/v2\/pages\/59\/revisions\/667"}],"wp:attachment":[{"href":"https:\/\/cv.come-henry.fr\/fr\/wp-json\/wp\/v2\/media?parent=59"}],"curies":[{"name":"wp","href":"https:\/\/api.w.org\/{rel}","templated":true}]}}